{"id":1783,"date":"2025-02-02T22:12:37","date_gmt":"2025-02-02T22:12:37","guid":{"rendered":"https:\/\/dev.paraphe.ca\/?page_id=1783"},"modified":"2025-02-03T23:17:02","modified_gmt":"2025-02-03T23:17:02","slug":"faq","status":"publish","type":"page","link":"https:\/\/dev.paraphe.ca\/fr\/faq\/","title":{"rendered":"FAQ"},"content":{"rendered":"<h1>FOIRES AUX QUESTIONS<\/h1>\n<p><img decoding=\"async\" src=\"\/wp-content\/uploads\/2024\/01\/slide-1.jpg\" alt=\"\"><\/p>\n<h2>\u00c0 QUEL \u00c2GE UN JOUEUR A-T-IL BESOIN D\u2019UN AGENT ?<\/h2>\n<div>\n<p>C\u2019est une question tr\u00e8s pertinente qui nous est souvent pos\u00e9e par les parents de joueurs de niveau midget ou junior.<\/p>\n<p>Il n\u2019y a pas de r\u00e9ponse d\u00e9finitive \u00e0 cette question. Par contre, il faut dire que le hockey moderne est devenu tr\u00e8s structur\u00e9, et qu\u2019il peut arriver que des parents sentent le besoin d\u2019obtenir les conseils d\u2019un professionnel pour continuer \u00e0 favoriser le d\u00e9veloppement de leur enfant dans le monde du hockey.<\/p>\n<p>Un bon agent est un professionnel qui mettra son expertise et ses connaissances au service de son client dans une approche dite \u00e0 360\u00ba. \u00c0 son expertise s\u2019ajoute un r\u00e9seau de contacts dans des champs connexes vari\u00e9s qui sera non seulement utile au d\u00e9veloppement athl\u00e9tique du joueur, mais qui favorisera la communication entre les parents et le personnel d\u2019entra\u00eeneurs, les dirigeants d\u2019\u00e9quipe, les recruteurs, et m\u00eame parfois, entre les parents et le joueur lui-m\u00eame.<\/p>\n<p>Les conseils d\u2019un agent sont d\u00e9finitivement un atout qui aide \u00e0 la prise de d\u00e9cision et qui maximise les opportunit\u00e9s pour le joueur.<\/p>\n<\/div>\n<p><!--more--><br \/>\n<!-- {\"type\":\"layout\",\"children\":[{\"type\":\"section\",\"props\":{\"css\":\".el-section{background-color:#292A31;}\",\"image_position\":\"center-center\",\"style\":\"default\",\"title_breakpoint\":\"xl\",\"title_position\":\"top-left\",\"title_rotation\":\"left\",\"vertical_align\":\"\",\"width\":\"small\"},\"children\":[{\"type\":\"row\",\"children\":[{\"type\":\"column\",\"props\":{\"image_position\":\"center-center\",\"position_sticky_breakpoint\":\"m\"},\"children\":[{\"type\":\"headline\",\"props\":{\"content\":\"FOIRES AUX QUESTIONS\",\"content_en_us\":\"FREQUENTLY ASKED QUESTIONS\",\"title_color\":\"primary\",\"title_element\":\"h1\"}},{\"type\":\"image\",\"props\":{\"image\":\"wp-content\\\/uploads\\\/2024\\\/01\\\/slide-1.jpg\",\"image_svg_color\":\"emphasis\",\"margin\":\"default\"}},{\"type\":\"headline\",\"props\":{\"content\":\"\\u00c0 QUEL \\u00c2GE UN JOUEUR A-T-IL BESOIN D\\u2019UN AGENT ?\",\"content_en_us\":\"AT WHAT LEVEL DOES A HOCKEY PLAYER NEED AN AGENT?\",\"title_color\":\"success\",\"title_element\":\"h2\"},\"name\":\"TITRE\"},{\"type\":\"text\",\"props\":{\"column_breakpoint\":\"m\",\"content\":\"\n\n<p>C\\u2019est une question tr\\u00e8s pertinente qui nous est souvent pos\\u00e9e par les parents de joueurs de niveau midget ou junior.<br \\\/><br \\\/>Il n\\u2019y a pas de r\\u00e9ponse d\\u00e9finitive \\u00e0 cette question. Par contre, il faut dire que le hockey moderne est devenu tr\\u00e8s structur\\u00e9, et qu\\u2019il peut arriver que des parents sentent le besoin d\\u2019obtenir les conseils d\\u2019un professionnel pour continuer \\u00e0 favoriser le d\\u00e9veloppement de leur enfant dans le monde du hockey.<br \\\/><br \\\/>Un bon agent est un professionnel qui mettra son expertise et ses connaissances au service de son client dans une approche dite \\u00e0 360\\u00ba. \\u00c0 son expertise s\\u2019ajoute un r\\u00e9seau de contacts dans des champs connexes vari\\u00e9s qui sera non seulement utile au d\\u00e9veloppement athl\\u00e9tique du joueur, mais qui favorisera la communication entre les parents et le personnel d\\u2019entra\\u00eeneurs, les dirigeants d\\u2019\\u00e9quipe, les recruteurs, et m\\u00eame parfois, entre les parents et le joueur lui-m\\u00eame.<br \\\/><br \\\/>Les conseils d\\u2019un agent sont d\\u00e9finitivement un atout qui aide \\u00e0 la prise de d\\u00e9cision et qui maximise les opportunit\\u00e9s pour le joueur.<\\\/p>\",\"content_en_us\":\"\n\n<p>This is a good question and one that often comes up in our discussions with the players\\u2019 parents at midget and junior levels.<\\\/p>\\n\n\n<p>There is no black and white answer to this question, but a fact remains. Modern hockey has become very structured, and there may come a time when parents feel they need professional guidance to further foster their child\\u2019s development as a hockey player.<\\\/p>\\n\n\n<p>A good hockey agent is a professional who will use his expertise and knowledge to the benefit of his client in a comprehensive 360\\u00ba approach. To his professional expertise, he adds a whole network of contacts in aggregated fields of action that will not only be helpful to the player\\u2019s athletic development, but that can also facilitate communication between the player\\u2019s parents and the coaching staff, the team executives, scouts and even sometimes between the parents and the player himself.<\\\/p>\\n\n\n<p>A player agent\\u2019s counselling can definitly make decision-making easier and help maximize opportunities for the player.<\\\/p>\",\"margin\":\"default\",\"text_color\":\"primary\"}}]}]}]}],\"version\":\"4.5.3\"} --><\/p>\n","protected":false},"excerpt":{"rendered":"<p>FOIRES AUX QUESTIONS \u00c0 QUEL \u00c2GE UN JOUEUR A-T-IL BESOIN D\u2019UN AGENT ? C\u2019est une question tr\u00e8s pertinente qui nous est souvent pos\u00e9e par les parents de joueurs de niveau midget ou junior. Il n\u2019y a pas de r\u00e9ponse d\u00e9finitive \u00e0 cette question. Par contre, il faut dire que le hockey moderne est devenu tr\u00e8s [&hellip;]<\/p>\n","protected":false},"author":1,"featured_media":0,"parent":0,"menu_order":0,"comment_status":"closed","ping_status":"closed","template":"","meta":{"_acf_changed":false,"footnotes":""},"class_list":["post-1783","page","type-page","status-publish","hentry"],"acf":[],"_links":{"self":[{"href":"https:\/\/dev.paraphe.ca\/fr\/wp-json\/wp\/v2\/pages\/1783","targetHints":{"allow":["GET"]}}],"collection":[{"href":"https:\/\/dev.paraphe.ca\/fr\/wp-json\/wp\/v2\/pages"}],"about":[{"href":"https:\/\/dev.paraphe.ca\/fr\/wp-json\/wp\/v2\/types\/page"}],"author":[{"embeddable":true,"href":"https:\/\/dev.paraphe.ca\/fr\/wp-json\/wp\/v2\/users\/1"}],"replies":[{"embeddable":true,"href":"https:\/\/dev.paraphe.ca\/fr\/wp-json\/wp\/v2\/comments?post=1783"}],"version-history":[{"count":21,"href":"https:\/\/dev.paraphe.ca\/fr\/wp-json\/wp\/v2\/pages\/1783\/revisions"}],"predecessor-version":[{"id":1806,"href":"https:\/\/dev.paraphe.ca\/fr\/wp-json\/wp\/v2\/pages\/1783\/revisions\/1806"}],"wp:attachment":[{"href":"https:\/\/dev.paraphe.ca\/fr\/wp-json\/wp\/v2\/media?parent=1783"}],"curies":[{"name":"wp","href":"https:\/\/api.w.org\/{rel}","templated":true}]}}