{"id":1361,"date":"2024-01-13T17:13:25","date_gmt":"2024-01-13T17:13:25","guid":{"rendered":"https:\/\/dev.paraphe.ca\/?page_id=1361"},"modified":"2025-01-24T19:01:17","modified_gmt":"2025-01-24T19:01:17","slug":"a-propos","status":"publish","type":"page","link":"https:\/\/dev.paraphe.ca\/en\/a-propos\/","title":{"rendered":"\u00c0 propos"},"content":{"rendered":"<h1>Bienvenue<\/h1>\n<div>\n<p style=\"text-align: right;\"><span class=\"s1\">Notre mission<\/span><\/p>\n<p style=\"text-align: right;\"><span class=\"s1\">Le mot <b>PARAPHE\u00a0<\/b><\/span><span class=\"s1\">fait r\u00e9f\u00e9rence \u00e0 la prise d\u2019un engagement, dans le sens de \u00ab\u00a0<i>parapher<\/i>\u00a0\u00bb un contrat, apposer sa signature, respecter ses obligations. Il fait \u00e9cho \u00e0 notre engagement envers l\u2019athl\u00e8te, et de m\u00eame, \u00e0 l\u2019engagement de l\u2019athl\u00e8te dans l\u2019atteinte de ses objectifs.\u00a0<\/span><\/p>\n<p class=\"p1\" style=\"text-align: right;\"><span class=\"s1\"><\/span><span class=\"s1\">Cet engagement constitue la base de notre relation joueur-agent et pr\u00e9pare une assise solide favorisant le succ\u00e8s.<\/span><\/p>\n<p class=\"p1\" style=\"text-align: right;\"><span class=\"s1\">TOUJOURS L\u00c0 POUR VOUS.<\/span><\/p>\n<\/div>\n<div>\n<p>        <img decoding=\"async\" src=\"\/wp-content\/uploads\/2024\/01\/page1-img1.jpg\" alt=\"\"><\/p>\n<div>\n<p>SERVICES PERSONNALIS\u00c9S :<\/p>\n<ul class=\"menu \">\n<li><a href=\"https:\/\/www.paraphe.ca\/index.php\/fr\/#\"><\/a>Recherche d&#8217;\u00e9quipe et repr\u00e9sentation<\/li>\n<li><a href=\"https:\/\/www.paraphe.ca\/index.php\/fr\/#\"><\/a>N\u00e9gociation de contrat<\/li>\n<li><a href=\"https:\/\/www.paraphe.ca\/index.php\/fr\/#\"><\/a>Pr\u00e9paration au rep\u00eachage<\/li>\n<li><a href=\"https:\/\/www.paraphe.ca\/index.php\/fr\/#\"><\/a>Marketing et promotion<\/li>\n<li><a href=\"https:\/\/www.paraphe.ca\/index.php\/fr\/#\"><\/a>Assistance juridique<\/li>\n<li><a href=\"https:\/\/www.paraphe.ca\/index.php\/fr\/#\"><\/a>Suivis m\u00e9dicaux<\/li>\n<li><a href=\"https:\/\/www.paraphe.ca\/index.php\/fr\/#\"><\/a>Suivis sur le d\u00e9veloppement athl\u00e9tique<\/li>\n<li><a href=\"https:\/\/www.paraphe.ca\/index.php\/fr\/#\"><\/a>Conseils en mati\u00e8re d&#8217;assurance et de protection du patrimoine<\/li>\n<li><a href=\"https:\/\/www.paraphe.ca\/index.php\/fr\/#\"><\/a>Assistance en r\u00e9solution de conflit<\/li>\n<\/ul>\n<\/div>\n<\/div>\n<p><!--more--><br \/>\n<!-- {\"type\":\"layout\",\"children\":[{\"type\":\"section\",\"props\":{\"image_position\":\"center-center\",\"padding\":\"none\",\"padding_remove_top\":false,\"style\":\"secondary\",\"title_breakpoint\":\"xl\",\"title_position\":\"top-left\",\"title_rotation\":\"left\",\"vertical_align\":\"\",\"width\":\"expand\"},\"children\":[{\"type\":\"row\",\"props\":{\"layout\":\"1-2,1-2\"},\"children\":[{\"type\":\"column\",\"props\":{\"image_position\":\"center-center\",\"position_sticky_breakpoint\":\"m\",\"width_medium\":\"1-2\"},\"children\":[{\"type\":\"headline\",\"props\":{\"content\":\"Bienvenue\",\"content_en_us\":\"Welcome\",\"css\":\".el-element{font-size:3.8em;}\",\"text_align\":\"right\",\"title_color\":\"primary\",\"title_element\":\"h1\"}},{\"type\":\"text\",\"props\":{\"column_breakpoint\":\"m\",\"content\":\"\n\n<p style=\\\"text-align: right;\\\"><span class=\\\"s1\\\">Notre mission<\\\/span><\\\/p>\\n\n\n<p style=\\\"text-align: right;\\\"><span class=\\\"s1\\\">Le mot <b>PARAPHE\\u00a0<\\\/b><\\\/span><span class=\\\"s1\\\">fait r\\u00e9f\\u00e9rence \\u00e0 la prise d\\u2019un engagement, dans le sens de \\u00ab\\u00a0<i>parapher<\\\/i>\\u00a0\\u00bb un contrat, apposer sa signature, respecter ses obligations. Il fait \\u00e9cho \\u00e0 notre engagement envers l\\u2019athl\\u00e8te, et de m\\u00eame, \\u00e0 l\\u2019engagement de l\\u2019athl\\u00e8te dans l\\u2019atteinte de ses objectifs.\\u00a0<\\\/span><\\\/p>\\n\n\n<p class=\\\"p1\\\" style=\\\"text-align: right;\\\"><span class=\\\"s1\\\"><\\\/span><span class=\\\"s1\\\">Cet engagement constitue la base de notre relation joueur-agent et pr\\u00e9pare une assise solide favorisant le succ\\u00e8s.<\\\/span><\\\/p>\\n\n\n<p class=\\\"p1\\\" style=\\\"text-align: right;\\\"><span class=\\\"s1\\\">TOUJOURS L\\u00c0 POUR VOUS.<\\\/span><\\\/p>\",\"content_en_us\":\"\n\n<p style=\\\"text-align: right;\\\">Our Mission<\\\/p>\\n\n\n<p style=\\\"text-align: right;\\\"><span class=\\\"s1\\\"><strong>PARAPHE<\\\/strong> is a French word that refers to a written sign that is inked to seal an agreement. It relates to our commitment towards our clients, as well as the athlete\\u2019s personal commitment to reach the goals he has set for himself. <\\\/span><\\\/p>\\n\n\n<p style=\\\"text-align: right;\\\"><span class=\\\"s1\\\">This commitment sets the basis for our client-agent relationship and provides a solid ground for success. <\\\/span><span class=\\\"s1\\\"><\\\/span><\\\/p>\\n\n\n<p class=\\\"p1\\\" style=\\\"text-align: right;\\\"><span class=\\\"s1\\\">WE NEVER GIVE UP.<\\\/span><\\\/p>\",\"css\":\".el-element{font-family:roboto;background-color:#F37432;font-size:1.7em;}\",\"margin\":\"default\",\"text_color\":\"primary\"}}]},{\"type\":\"column\",\"props\":{\"image_position\":\"center-center\",\"position_sticky_breakpoint\":\"m\",\"width_medium\":\"1-2\"},\"children\":[{\"type\":\"overlay\",\"props\":{\"content\":\"\n\n<p>SERVICES PERSONNALIS\\u00c9S :<\\\/p>\\n\n\n<ul class=\\\"menu \\\">\\n\n\n<li><a href=\\\"https:\\\/\\\/www.paraphe.ca\\\/index.php\\\/fr\\\/#\\\"><\\\/a>Recherche d'\\u00e9quipe et repr\\u00e9sentation<\\\/li>\\n\n\n<li><a href=\\\"https:\\\/\\\/www.paraphe.ca\\\/index.php\\\/fr\\\/#\\\"><\\\/a>N\\u00e9gociation de contrat<\\\/li>\\n\n\n<li><a href=\\\"https:\\\/\\\/www.paraphe.ca\\\/index.php\\\/fr\\\/#\\\"><\\\/a>Pr\\u00e9paration au rep\\u00eachage<\\\/li>\\n\n\n<li><a href=\\\"https:\\\/\\\/www.paraphe.ca\\\/index.php\\\/fr\\\/#\\\"><\\\/a>Marketing et promotion<\\\/li>\\n\n\n<li><a href=\\\"https:\\\/\\\/www.paraphe.ca\\\/index.php\\\/fr\\\/#\\\"><\\\/a>Assistance juridique<\\\/li>\\n\n\n<li><a href=\\\"https:\\\/\\\/www.paraphe.ca\\\/index.php\\\/fr\\\/#\\\"><\\\/a>Suivis m\\u00e9dicaux<\\\/li>\\n\n\n<li><a href=\\\"https:\\\/\\\/www.paraphe.ca\\\/index.php\\\/fr\\\/#\\\"><\\\/a>Suivis sur le d\\u00e9veloppement athl\\u00e9tique<\\\/li>\\n\n\n<li><a href=\\\"https:\\\/\\\/www.paraphe.ca\\\/index.php\\\/fr\\\/#\\\"><\\\/a>Conseils en mati\\u00e8re d'assurance et de protection du patrimoine<\\\/li>\\n\n\n<li><a href=\\\"https:\\\/\\\/www.paraphe.ca\\\/index.php\\\/fr\\\/#\\\"><\\\/a>Assistance en r\\u00e9solution de conflit<\\\/li>\\n<\\\/ul>\",\"content_en_us\":\"\n\n<p>PERSONNALIZED ASSISTANCE:<\\\/p>\\n\n\n<ul class=\\\"menu \\\">\\n\n\n<li><a href=\\\"https:\\\/\\\/www.paraphe.ca\\\/index.php\\\/fr\\\/#\\\"><\\\/a>Team searching and representation<\\\/li>\\n\n\n<li>Contract negotiations<\\\/li>\\n\n\n<li>Draft presentation<\\\/li>\\n\n\n<li>Player exposure and promotion<\\\/li>\\n\n\n<li>Legal counselling Medical follow-up<\\\/li>\\n\n\n<li>Athletic development follow-up<\\\/li>\\n\n\n<li>Specific insurances and personal patrimony protection assistance<\\\/li>\\n\n\n<li>Assistance in conflict resolutions<\\\/li>\\n<\\\/ul>\",\"content_style\":\"text-large\",\"css\":\".el-element{font-family:\\\"roboto\\\";color:white;}\\n.el-content{font-size:1.7em;}\",\"image\":\"wp-content\\\/uploads\\\/2024\\\/01\\\/page1-img1.jpg\",\"link_style\":\"default\",\"link_text\":\"Read more\",\"margin\":\"remove-vertical\",\"meta_align\":\"below-title\",\"meta_element\":\"div\",\"meta_style\":\"text-meta\",\"overlay_hover\":false,\"overlay_maxwidth\":\"xlarge\",\"overlay_mode\":\"cover\",\"overlay_position\":\"top-left\",\"overlay_style\":\"\",\"overlay_transition\":\"fade\",\"text_align\":\"left\",\"text_color\":\"light\",\"title_element\":\"h3\",\"title_hover_style\":\"reset\"}}]}]}],\"name\":\"Gabarit-base\"}],\"version\":\"4.5.1\"} --><\/p>\n","protected":false},"excerpt":{"rendered":"<p>Bienvenue Notre mission Le mot PARAPHE\u00a0fait r\u00e9f\u00e9rence \u00e0 la prise d\u2019un engagement, dans le sens de \u00ab\u00a0parapher\u00a0\u00bb un contrat, apposer sa signature, respecter ses obligations. Il fait \u00e9cho \u00e0 notre engagement envers l\u2019athl\u00e8te, et de m\u00eame, \u00e0 l\u2019engagement de l\u2019athl\u00e8te dans l\u2019atteinte de ses objectifs.\u00a0 Cet engagement constitue la base de notre relation joueur-agent et [&hellip;]<\/p>\n","protected":false},"author":1,"featured_media":0,"parent":0,"menu_order":2,"comment_status":"open","ping_status":"open","template":"","meta":{"_acf_changed":false,"footnotes":""},"class_list":["post-1361","page","type-page","status-publish","hentry"],"acf":[],"_links":{"self":[{"href":"https:\/\/dev.paraphe.ca\/en\/wp-json\/wp\/v2\/pages\/1361","targetHints":{"allow":["GET"]}}],"collection":[{"href":"https:\/\/dev.paraphe.ca\/en\/wp-json\/wp\/v2\/pages"}],"about":[{"href":"https:\/\/dev.paraphe.ca\/en\/wp-json\/wp\/v2\/types\/page"}],"author":[{"embeddable":true,"href":"https:\/\/dev.paraphe.ca\/en\/wp-json\/wp\/v2\/users\/1"}],"replies":[{"embeddable":true,"href":"https:\/\/dev.paraphe.ca\/en\/wp-json\/wp\/v2\/comments?post=1361"}],"version-history":[{"count":22,"href":"https:\/\/dev.paraphe.ca\/en\/wp-json\/wp\/v2\/pages\/1361\/revisions"}],"predecessor-version":[{"id":1640,"href":"https:\/\/dev.paraphe.ca\/en\/wp-json\/wp\/v2\/pages\/1361\/revisions\/1640"}],"wp:attachment":[{"href":"https:\/\/dev.paraphe.ca\/en\/wp-json\/wp\/v2\/media?parent=1361"}],"curies":[{"name":"wp","href":"https:\/\/api.w.org\/{rel}","templated":true}]}}